{"id":68,"date":"2023-09-04T13:48:30","date_gmt":"2023-09-04T11:48:30","guid":{"rendered":"http:\/\/www.map-mutuelle.fr\/?page_id=68"},"modified":"2023-09-04T13:59:56","modified_gmt":"2023-09-04T11:59:56","slug":"mentions-legales","status":"publish","type":"page","link":"https:\/\/www.map-mutuelle.fr\/index.php\/mentions-legales\/","title":{"rendered":"Mentions l\u00e9gales"},"content":{"rendered":"<p>[et_pb_section fb_built=&#8221;1&#8243; next_background_color=&#8221;#ffffff&#8221; admin_label=&#8221;Hero&#8221; _builder_version=&#8221;3.22&#8243; background_color=&#8221;#f7f8fc&#8221; custom_padding=&#8221;|0px|6%|0px|false|false&#8221; bottom_divider_style=&#8221;asymmetric&#8221; bottom_divider_height=&#8221;40%&#8221; bottom_divider_height_tablet=&#8221;&#8221; bottom_divider_height_phone=&#8221;&#8221; bottom_divider_height_last_edited=&#8221;on|phone&#8221; global_colors_info=&#8221;{}&#8221;][et_pb_row _builder_version=&#8221;4.14.6&#8243; _module_preset=&#8221;default&#8221; global_colors_info=&#8221;{}&#8221;][et_pb_column type=&#8221;4_4&#8243; _builder_version=&#8221;4.14.6&#8243; _module_preset=&#8221;default&#8221; global_colors_info=&#8221;{}&#8221;][et_pb_text _builder_version=&#8221;4.14.6&#8243; _module_preset=&#8221;default&#8221; global_colors_info=&#8221;{}&#8221;]<\/p>\n<h1 style=\"text-align: center;\">Mentions l\u00e9gales<\/h1>\n<p>&nbsp;<\/p>\n<p style=\"text-align: center;\">En vigueur au 01\/09\/2023.<\/p>\n<p>&nbsp;<\/p>\n<p>Conform\u00e9ment aux dispositions des Articles 6-III et 19 de la Loi n\u00b02004-575 du 21 juin 2004 pour la Confiance dans l\u2019\u00e9conomie num\u00e9rique, dite L.C.E.N., il est port\u00e9 \u00e0 la connaissance des utilisateurs et visiteurs, ci-apr\u00e8s l\u00a0\u00bb\u00a0\u00bb<strong>Utilisateur<\/strong>\u00ab\u00a0, du site<span>\u00a0<\/span><a href=\"https:\/\/assurances-dependances.fr\/\">https:\/\/map-mutuelle.fr\/<\/a><span>\u00a0<\/span>, ci-apr\u00e8s le \u00ab\u00a0<strong>Site<\/strong>\u00ab\u00a0, les pr\u00e9sentes mentions l\u00e9gales.<\/p>\n<p>La connexion et la navigation sur le Site par l\u2019Utilisateur implique acceptation int\u00e9grale et sans r\u00e9serve des pr\u00e9sentes mentions l\u00e9gales.<\/p>\n<p>Ces derni\u00e8res sont accessibles sur le Site \u00e0 la rubrique \u00ab Mentions l\u00e9gales \u00bb.<\/p>\n<p>&nbsp;<\/p>\n<h2>ARTICLE 1 \u2013 L\u2019EDITEUR<\/h2>\n<p>&nbsp;<\/p>\n<p>L\u2019\u00e9dition du Site est assur\u00e9e par Merle Assurance Patrimoine SASU au capital de 10000 euros, immatricul\u00e9e au Registre du Commerce et des Soci\u00e9t\u00e9s de Grenoble sous le num\u00e9ro 851940825 dont le si\u00e8ge social est situ\u00e9 au 43 rue de Chantemerle, 38190 Villard-Bonnot,<\/p>\n<p>Num\u00e9ro de t\u00e9l\u00e9phone 0646461122,<\/p>\n<p>Adresse e-mail :<span>\u00a0<\/span><a href=\"mailto:sebastien@merleassurancepatrimoine.fr\">sebastien@merleassurancepatrimoine.fr<\/a>\u00a0<\/p>\n<p>N\u00b0 de TVA intracommunautaire : FR42851940825<\/p>\n<p>Le Directeur de la publication est MERLE S\u00e9bastien ci-apr\u00e8s l&#8217;\u00a0\u00bb<strong>Editeur<\/strong>\u00ab\u00a0.<\/p>\n<p>Activit\u00e9 de l\u2019entreprise \u00e9ditrice\u00a0: Merle Assurance Patrimoine est courtier en assurance de niveau 1. R\u00e9f\u00e9renc\u00e9 \u00e0 l\u2019ORIAS sur le registre unique des interm\u00e9diaires en assurance, banque et finance sous le n\u00b019005401 (www.orias.fr) et positionn\u00e9 dans la cat\u00e9gorie \u00ab b \u00bb n\u2019\u00e9tant pas soumis \u00e0 une obligation contractuelle de travailler exclusivement avec une ou plusieurs entreprises d\u2019assurance et pouvant notamment pr\u00e9senter les op\u00e9rations d\u2019assurance ou de capitalisation des \u00e9tablissements suivants : Ageas, Alptis, April, G\u00e9n\u00e9rali, N\u00e9oliane, Primonial, UAF life Patrimoine. Une liste compl\u00e8te est disponible sur demande. La soci\u00e9t\u00e9 ne d\u00e9tient aucune participation dans une compagnie d\u2019assurance. Aucune compagnie d\u2019assurance ne d\u00e9tient de participation dans la soci\u00e9t\u00e9.<\/p>\n<p>Informations relatives au traitement des r\u00e9clamations : En cas de litige, les parties s\u2019engagent \u00e0 rechercher en premier lieu un recours amiable. Le client ou prospect pourra pr\u00e9senter sa r\u00e9clamation \u00e0 l\u2019adresse du cabinet qui disposera de 10 jours pour en accuser r\u00e9ception, puis de 2 mois \u00e0 compter de la r\u00e9ception de la r\u00e9clamation pour y r\u00e9pondre. A d\u00e9faut d\u2019arrangement amiable, les parties pourront en second lieu informer \u00ab La m\u00e9diation de l\u2019Assurance \u2013 TSA 50110 \u2013 75441 PARIS CEDEX 09 \u00bb ou \u00ab L\u2019Autorit\u00e9 de Contr\u00f4le Prudentiel et de R\u00e9solution (ACPR), 4 Place de Budapest, 75436 Paris \u00bb. En cas d\u2019\u00e9chec, le litige pourrait \u00eatre port\u00e9 devant les tribunaux comp\u00e9tents.<\/p>\n<p>Coordonn\u00e9es du service r\u00e9clamations du cabinet ou de notre m\u00e9diateur :<\/p>\n<ul>\n<li>CNPM \u2013 M\u00c9DIATION \u2013 CONSOMMATION<\/li>\n<li>27, avenue de la Lib\u00e9ration \u2013 42400 SAINT-CHAMOND<\/li>\n<\/ul>\n<p>Assurance Responsabilit\u00e9 Civile Professionnelle : Police N\u00b0 07N.80000962 souscrite aupr\u00e8s QBE Europe SA\/NV 110, Esplanade du g\u00e9n\u00e9ral de gaulle \u2013 c\u0153ur d\u00e9fense, tour A 92931 La d\u00e9fense Cedex. Plafond de la garantie par sinistre 1 525 000 \u20ac, Plafond de la garantie par ann\u00e9e d\u2019assurance 3 050 000 \u20ac.<\/p>\n<p>&nbsp;<\/p>\n<h2>ARTICLE 2 \u2013 L\u2019HEBERGEUR<\/h2>\n<p>&nbsp;<\/p>\n<p>L\u2019h\u00e9bergeur du Site est la soci\u00e9t\u00e9 OVH, dont le si\u00e8ge social est situ\u00e9 au 2 rue Kellermann, 59100 Roubaix, av<strong>ec<span>\u00a0<\/span><\/strong>le num\u00e9ro de t\u00e9l\u00e9phone : 0972101007.<\/p>\n<p>&nbsp;<\/p>\n<h2>ARTICLE 3 \u2013 ACCES AU SITE<\/h2>\n<p>&nbsp;<\/p>\n<p>Le Site est accessible en tout endroit, 7j\/7, 24h\/24 sauf cas de force majeure, interruption programm\u00e9e ou non et pouvant d\u00e9coulant d\u2019une n\u00e9cessit\u00e9 de maintenance.<\/p>\n<p>En cas de modification, interruption ou suspension du Site, l\u2019Editeur ne saurait \u00eatre tenu responsable.<\/p>\n<p>Avertissement : Les produits pr\u00e9sent\u00e9 sur ce site ne constituent en aucun cas une offre commerciale ou \u00e0 contracter, les produits pr\u00e9sent\u00e9s le sont uniquement \u00e0 titre d\u2019information. La responsabilit\u00e9 de l\u2019auteur du site ne saurait \u00eatre engag\u00e9e quant \u00e0 l\u2019utilisation dont pourrait faire toute personne ayant lus les pr\u00e9sentations. Chacun doit s\u2019assurer que les produits qu\u2019il s\u00e9lectionne soient bien adapt\u00e9s \u00e0 sa situation personnelle, \u00e0 ses objectifs et \u00e0 ses contraintes.<\/p>\n<p>Malgr\u00e9 les efforts mis en \u0153uvre pour mettre \u00e0 jour r\u00e9guli\u00e8rement les informations contenues sur le site, le site ne pr\u00e9tend pas \u00e0 l\u2019exhaustivit\u00e9 ni \u00e0 l\u2019exactitude des informations fournies. Le site n\u2019est pas responsable des modifications des dispositions juridiques, jurisprudentielles et administratives pouvant survenir post\u00e9rieurement \u00e0 la publication et \u00e0 la mise \u00e0 jour du site.<\/p>\n<p>Merle Assurance Patrimoine ne pourra en aucun cas \u00eatre tenu responsable des dommages directs ou indirects pouvant r\u00e9sulter de l\u2019acc\u00e8s et de l\u2019utilisation de ce site.<\/p>\n<p>Merle assurance patrimoine se r\u00e9serve le droit \u00e0 tout moment de modifier le catalogue des produits pr\u00e9sent\u00e9s.<\/p>\n<p>&nbsp;<\/p>\n<h2>ARTICLE 4 \u2013 COLLECTE DES DONNEES<\/h2>\n<p>&nbsp;<\/p>\n<p>Le Site assure \u00e0 l\u2019Utilisateur une collecte et un traitement d\u2019informations personnelles dans le respect de la vie priv\u00e9e conform\u00e9ment \u00e0 la loi n\u00b078-17 du 6 janvier 1978 relative \u00e0 l\u2019informatique, aux fichiers et aux libert\u00e9s.<\/p>\n<p>En vertu de la loi Informatique et Libert\u00e9s, en date du 6 janvier 1978, l\u2019Utilisateur dispose d\u2019un droit d\u2019acc\u00e8s, de rectification, de suppression et d\u2019opposition de ses donn\u00e9es personnelles. L\u2019Utilisateur exerce ce droit :<\/p>\n<ul>\n<li>Par mail \u00e0 l\u2019adresse \u00e9lectronique sebastien@merleassurancepatrimoine.fr<\/li>\n<\/ul>\n<p>Toute utilisation, reproduction, diffusion, commercialisation, modification de toute ou partie du Site, sans autorisation de l\u2019Editeur est prohib\u00e9e et pourra entra\u00een\u00e9e des actions et poursuites judiciaires telles que notamment pr\u00e9vues par le Code de la propri\u00e9t\u00e9 intellectuelle et le Code civil.<\/p>\n<p>Google Analytics\u00a0: Ce site utilise Google Analytics, un service d\u2019analyse de site internet fourni par Google Inc. (\u00ab Google \u00bb). Google Analytics utilise des cookies, qui sont des fichiers texte plac\u00e9s sur votre ordinateur, pour aider le site internet \u00e0 analyser l\u2019utilisation du site par ses utilisateurs. Les donn\u00e9es g\u00e9n\u00e9r\u00e9es par les cookies concernant votre utilisation du site (y compris votre adresse IP) seront transmises et stock\u00e9es par Google sur des serveurs situ\u00e9s aux Etats-Unis. Google utilisera cette information dans le but d\u2019\u00e9valuer votre utilisation du site, de compiler des rapports sur l\u2019activit\u00e9 du site \u00e0 destination de son \u00e9diteur et de fournir d\u2019autres services relatifs \u00e0 l\u2019activit\u00e9 du site et \u00e0 l\u2019utilisation d\u2019Internet. Google est susceptible de communiquer ces donn\u00e9es \u00e0 des tiers en cas d\u2019obligation l\u00e9gale ou lorsque ces tiers traitent ces donn\u00e9es pour le compte de Google, y compris notamment l\u2019\u00e9diteur de ce site. Google ne recoupera pas votre adresse IP avec toute autre donn\u00e9e d\u00e9tenue par Google. Vous pouvez d\u00e9sactiver l\u2019utilisation de cookies en s\u00e9lectionnant les param\u00e8tres appropri\u00e9s de votre navigateur. Cependant, une telle d\u00e9sactivation pourrait emp\u00eacher l\u2019utilisation de certaines fonctionnalit\u00e9s de ce site. En utilisant ce site internet, vous consentez express\u00e9ment au traitement de vos donn\u00e9es nominatives par Google dans les conditions et pour les finalit\u00e9s d\u00e9crites ci-dessus.<\/p>\n<p>En savoir plus sur les<span>\u00a0<\/span><a href=\"https:\/\/merleassurancepatrimoine.fr\/content\/15-cookies\">cookies<\/a>.<\/p>\n<p>Informations relatives au r\u00e8glement g\u00e9n\u00e9ral sur la protection des donn\u00e9es personnelles (R.G.P.D)<\/p>\n<p>Les donn\u00e9es \u00e0 caract\u00e8re personnel recueillies feront l\u2019objet d\u2019un traitement automatis\u00e9 par le Courtier et l\u02bcAssureur. Elles sont destin\u00e9es au Courtier notamment pour la r\u00e9alisation de devis, la souscription, la gestion et l\u2019ex\u00e9cution de votre contrat d\u2019assurance et \u00e0 l\u02bcAssureur pour la gestion de vos sinistres, en leur qualit\u00e9 de co-responsables de traitement.<\/p>\n<p>Ces donn\u00e9es peuvent \u00eatre transmises aux partenaires du Courtier \u00e0 des fins de prospection et gestion commerciales. Nous tenons \u00e0 votre disposition et sur votre demande le d\u00e9tail de nos proc\u00e9dures visant \u00e0 prot\u00e9ger et garantir vos informations personnelles.<\/p>\n<p>La r\u00e9alisation de mesures pr\u00e9contractuelles prises \u00e0 votre demande et l\u2019ex\u00e9cution du contrat constituent la base du traitement de vos donn\u00e9es par le Courtier et l\u02bcAssureur, co-responsables de traitement. Ces donn\u00e9es sont h\u00e9berg\u00e9es en France et conserv\u00e9es durant une p\u00e9riode maximale correspondant au temps n\u00e9cessaire aux diff\u00e9rentes op\u00e9rations ci-dessus list\u00e9es ou pour la dur\u00e9e sp\u00e9cifiquement pr\u00e9vue par la CNIL (normes pour le secteur de l\u2019assurance) ou encore par la loi (prescriptions l\u00e9gales), soit 5 ans.<\/p>\n<p>Lors de la collecte des donn\u00e9es pour votre contrat d\u2019assurance, certaines questions sont obligatoires et sont signal\u00e9es par un marquage visuel appropri\u00e9, g\u00e9n\u00e9ralement un ast\u00e9risque. Conform\u00e9ment \u00e0 la loi sur la protection des donn\u00e9es personnelles, vous pouvez exercer votre droit d\u2019acc\u00e8s, de rectification, d\u2019opposition pour motifs l\u00e9gitimes, de portabilit\u00e9, d\u2019organiser les conditions de conservation et de communication de vos donn\u00e9es \u00e0 caract\u00e8re personnel apr\u00e8s votre d\u00e9c\u00e8s, et d\u2019effacement et de limitation des donn\u00e9es vous concernant en contactant le d\u00e9l\u00e9gu\u00e9 \u00e0 la protection des donn\u00e9es comp\u00e9tent.<\/p>\n<p>En cas de difficult\u00e9 en lien avec la gestion de vos donn\u00e9es personnelles, vous pouvez dans un premier temps contacter le d\u00e9l\u00e9gu\u00e9 nomm\u00e9 \u00e0 la protection des donn\u00e9es personnelles (D.P.O) de votre courtier conseil :<\/p>\n<ul>\n<li>MERLE ASSURANCE PATRIMOINE<\/li>\n<li>43 rue de Chantemerle 38190 Villard-Bonnot<\/li>\n<li>Courriel :<span>\u00a0<\/span><a href=\"mailto:sebastien@merleassurancepatrimoine.fr\">sebastien@merleassurancepatrimoine.fr<\/a><\/li>\n<li>T\u00e9l\u00e9phone : 06 46 46 11 22<\/li>\n<\/ul>\n<p>En l\u2019absence de satisfaction relative au traitement de votre r\u00e9clamation, vous pouvez dans un second temps, effectuer une r\u00e9clamation \u00e0 la Commission Nationale Informatique et Libert\u00e9s : CNIL, 3 place de Fontenoy \u2013 TSA 80715 \u2013 75334 PARIS Cedex 07.<\/p>\n<p>Pour plus d\u2019informations, se reporter aux CGU du site https:\/\/assurances-dependances.fr\/ accessible \u00e0 la rubrique \u00ab\u00a0CGU\u00a0\u00bb.<\/p>\n<p>[\/et_pb_text][\/et_pb_column][\/et_pb_row][\/et_pb_section]<\/p>\n","protected":false},"excerpt":{"rendered":"<p>Mentions l\u00e9gales &nbsp; En vigueur au 01\/09\/2023. &nbsp; Conform\u00e9ment aux dispositions des Articles 6-III et 19 de la Loi n\u00b02004-575 du 21 juin 2004 pour la Confiance dans l\u2019\u00e9conomie num\u00e9rique, dite L.C.E.N., il est port\u00e9 \u00e0 la connaissance des utilisateurs et visiteurs, ci-apr\u00e8s l\u00a0\u00bb\u00a0\u00bbUtilisateur\u00ab\u00a0, du site\u00a0https:\/\/map-mutuelle.fr\/\u00a0, ci-apr\u00e8s le \u00ab\u00a0Site\u00ab\u00a0, les pr\u00e9sentes mentions l\u00e9gales. La connexion [&hellip;]<\/p>\n","protected":false},"author":1,"featured_media":0,"parent":0,"menu_order":0,"comment_status":"closed","ping_status":"closed","template":"","meta":{"_et_pb_use_builder":"on","_et_pb_old_content":"","_et_gb_content_width":"","footnotes":""},"class_list":["post-68","page","type-page","status-publish","hentry"],"yoast_head":"<!-- This site is optimized with the Yoast SEO plugin v21.0 - https:\/\/yoast.com\/wordpress\/plugins\/seo\/ -->\n<title>Mentions l\u00e9gales - MAP Mutuelle<\/title>\n<meta name=\"robots\" content=\"index, follow, max-snippet:-1, max-image-preview:large, max-video-preview:-1\" \/>\n<link rel=\"canonical\" href=\"https:\/\/www.map-mutuelle.fr\/index.php\/mentions-legales\/\" \/>\n<meta property=\"og:locale\" content=\"en_US\" \/>\n<meta property=\"og:type\" content=\"article\" \/>\n<meta property=\"og:title\" content=\"Mentions l\u00e9gales - MAP Mutuelle\" \/>\n<meta property=\"og:description\" content=\"Mentions l\u00e9gales &nbsp; En vigueur au 01\/09\/2023. &nbsp; Conform\u00e9ment aux dispositions des Articles 6-III et 19 de la Loi n\u00b02004-575 du 21 juin 2004 pour la Confiance dans l\u2019\u00e9conomie num\u00e9rique, dite L.C.E.N., il est port\u00e9 \u00e0 la connaissance des utilisateurs et visiteurs, ci-apr\u00e8s l\u00a0\u00bb\u00a0\u00bbUtilisateur\u00ab\u00a0, du site\u00a0https:\/\/map-mutuelle.fr\/\u00a0, ci-apr\u00e8s le \u00ab\u00a0Site\u00ab\u00a0, les pr\u00e9sentes mentions l\u00e9gales. La connexion [&hellip;]\" \/>\n<meta property=\"og:url\" content=\"https:\/\/www.map-mutuelle.fr\/index.php\/mentions-legales\/\" \/>\n<meta property=\"og:site_name\" content=\"MAP Mutuelle\" \/>\n<meta property=\"article:modified_time\" content=\"2023-09-04T11:59:56+00:00\" \/>\n<meta name=\"twitter:card\" content=\"summary_large_image\" \/>\n<script type=\"application\/ld+json\" class=\"yoast-schema-graph\">{\"@context\":\"https:\/\/schema.org\",\"@graph\":[{\"@type\":\"WebPage\",\"@id\":\"https:\/\/www.map-mutuelle.fr\/index.php\/mentions-legales\/\",\"url\":\"https:\/\/www.map-mutuelle.fr\/index.php\/mentions-legales\/\",\"name\":\"Mentions l\u00e9gales - MAP Mutuelle\",\"isPartOf\":{\"@id\":\"https:\/\/www.map-mutuelle.fr\/#website\"},\"datePublished\":\"2023-09-04T11:48:30+00:00\",\"dateModified\":\"2023-09-04T11:59:56+00:00\",\"breadcrumb\":{\"@id\":\"https:\/\/www.map-mutuelle.fr\/index.php\/mentions-legales\/#breadcrumb\"},\"inLanguage\":\"en-US\",\"potentialAction\":[{\"@type\":\"ReadAction\",\"target\":[\"https:\/\/www.map-mutuelle.fr\/index.php\/mentions-legales\/\"]}]},{\"@type\":\"BreadcrumbList\",\"@id\":\"https:\/\/www.map-mutuelle.fr\/index.php\/mentions-legales\/#breadcrumb\",\"itemListElement\":[{\"@type\":\"ListItem\",\"position\":1,\"name\":\"Accueil\",\"item\":\"https:\/\/www.map-mutuelle.fr\/\"},{\"@type\":\"ListItem\",\"position\":2,\"name\":\"Mentions l\u00e9gales\"}]},{\"@type\":\"WebSite\",\"@id\":\"https:\/\/www.map-mutuelle.fr\/#website\",\"url\":\"https:\/\/www.map-mutuelle.fr\/\",\"name\":\"MAP Mutuelle\",\"description\":\"MAP pour votre recherche de mutuelle\",\"potentialAction\":[{\"@type\":\"SearchAction\",\"target\":{\"@type\":\"EntryPoint\",\"urlTemplate\":\"https:\/\/www.map-mutuelle.fr\/?s={search_term_string}\"},\"query-input\":\"required name=search_term_string\"}],\"inLanguage\":\"en-US\"}]}<\/script>\n<!-- \/ Yoast SEO plugin. -->","yoast_head_json":{"title":"Mentions l\u00e9gales - MAP Mutuelle","robots":{"index":"index","follow":"follow","max-snippet":"max-snippet:-1","max-image-preview":"max-image-preview:large","max-video-preview":"max-video-preview:-1"},"canonical":"https:\/\/www.map-mutuelle.fr\/index.php\/mentions-legales\/","og_locale":"en_US","og_type":"article","og_title":"Mentions l\u00e9gales - MAP Mutuelle","og_description":"Mentions l\u00e9gales &nbsp; En vigueur au 01\/09\/2023. &nbsp; Conform\u00e9ment aux dispositions des Articles 6-III et 19 de la Loi n\u00b02004-575 du 21 juin 2004 pour la Confiance dans l\u2019\u00e9conomie num\u00e9rique, dite L.C.E.N., il est port\u00e9 \u00e0 la connaissance des utilisateurs et visiteurs, ci-apr\u00e8s l\u00a0\u00bb\u00a0\u00bbUtilisateur\u00ab\u00a0, du site\u00a0https:\/\/map-mutuelle.fr\/\u00a0, ci-apr\u00e8s le \u00ab\u00a0Site\u00ab\u00a0, les pr\u00e9sentes mentions l\u00e9gales. La connexion [&hellip;]","og_url":"https:\/\/www.map-mutuelle.fr\/index.php\/mentions-legales\/","og_site_name":"MAP Mutuelle","article_modified_time":"2023-09-04T11:59:56+00:00","twitter_card":"summary_large_image","schema":{"@context":"https:\/\/schema.org","@graph":[{"@type":"WebPage","@id":"https:\/\/www.map-mutuelle.fr\/index.php\/mentions-legales\/","url":"https:\/\/www.map-mutuelle.fr\/index.php\/mentions-legales\/","name":"Mentions l\u00e9gales - MAP Mutuelle","isPartOf":{"@id":"https:\/\/www.map-mutuelle.fr\/#website"},"datePublished":"2023-09-04T11:48:30+00:00","dateModified":"2023-09-04T11:59:56+00:00","breadcrumb":{"@id":"https:\/\/www.map-mutuelle.fr\/index.php\/mentions-legales\/#breadcrumb"},"inLanguage":"en-US","potentialAction":[{"@type":"ReadAction","target":["https:\/\/www.map-mutuelle.fr\/index.php\/mentions-legales\/"]}]},{"@type":"BreadcrumbList","@id":"https:\/\/www.map-mutuelle.fr\/index.php\/mentions-legales\/#breadcrumb","itemListElement":[{"@type":"ListItem","position":1,"name":"Accueil","item":"https:\/\/www.map-mutuelle.fr\/"},{"@type":"ListItem","position":2,"name":"Mentions l\u00e9gales"}]},{"@type":"WebSite","@id":"https:\/\/www.map-mutuelle.fr\/#website","url":"https:\/\/www.map-mutuelle.fr\/","name":"MAP Mutuelle","description":"MAP pour votre recherche de mutuelle","potentialAction":[{"@type":"SearchAction","target":{"@type":"EntryPoint","urlTemplate":"https:\/\/www.map-mutuelle.fr\/?s={search_term_string}"},"query-input":"required name=search_term_string"}],"inLanguage":"en-US"}]}},"_links":{"self":[{"href":"https:\/\/www.map-mutuelle.fr\/index.php\/wp-json\/wp\/v2\/pages\/68","targetHints":{"allow":["GET"]}}],"collection":[{"href":"https:\/\/www.map-mutuelle.fr\/index.php\/wp-json\/wp\/v2\/pages"}],"about":[{"href":"https:\/\/www.map-mutuelle.fr\/index.php\/wp-json\/wp\/v2\/types\/page"}],"author":[{"embeddable":true,"href":"https:\/\/www.map-mutuelle.fr\/index.php\/wp-json\/wp\/v2\/users\/1"}],"replies":[{"embeddable":true,"href":"https:\/\/www.map-mutuelle.fr\/index.php\/wp-json\/wp\/v2\/comments?post=68"}],"version-history":[{"count":3,"href":"https:\/\/www.map-mutuelle.fr\/index.php\/wp-json\/wp\/v2\/pages\/68\/revisions"}],"predecessor-version":[{"id":74,"href":"https:\/\/www.map-mutuelle.fr\/index.php\/wp-json\/wp\/v2\/pages\/68\/revisions\/74"}],"wp:attachment":[{"href":"https:\/\/www.map-mutuelle.fr\/index.php\/wp-json\/wp\/v2\/media?parent=68"}],"curies":[{"name":"wp","href":"https:\/\/api.w.org\/{rel}","templated":true}]}}